{"id":5555,"date":"2021-12-19T17:06:45","date_gmt":"2021-12-19T17:06:45","guid":{"rendered":"https:\/\/honneagency.com\/?page_id=5555"},"modified":"2021-12-19T17:06:47","modified_gmt":"2021-12-19T17:06:47","slug":"aviso-de-confidencialidad","status":"publish","type":"page","link":"https:\/\/honneagency.com\/?page_id=5555","title":{"rendered":"AVISO DE CONFIDENCIALIDAD"},"content":{"rendered":"\n<p>Este mensaje va dirigido exclusivamente a su destinatario, en caso de haber recibido este mensaje por error, puede comunic\u00e1rnoslo mediante el correo electr\u00f3nico remitido a nuestra atenci\u00f3n y procederemos a revisar el motivo del error.<\/p>\n\n\n\n<p>Asimismo, el email puede contener documentos y\/o informaci\u00f3n confidencial propia o de terceros por lo que rogamos que se proceda a su eliminaci\u00f3n, tanto del email como de los documentos adjuntos para as\u00ed prevenir mayores fugas de informaci\u00f3n confidencial.<\/p>\n\n\n\n<p>En cumplimiento del Reglamento (UE) 2016\/679 del Parlamento Europeo y del Consejo, de 27 de abril de 2016, puede ejercer los derechos de acceso, rectificaci\u00f3n, cancelaci\u00f3n y oposici\u00f3n (derechos ARCO) a trav\u00e9s de: cshonne21@gmail.com<\/p>\n\n\n\n<p>El Aviso de Confidencialidad ha sido creado mediante el generador de textos legales online el d\u00eda 16\/12\/2021.<\/p>\n","protected":false},"excerpt":{"rendered":"<p>Este mensaje va dirigido exclusivamente a su destinatario, en caso de haber recibido este mensaje por error, puede comunic\u00e1rnoslo mediante el correo electr\u00f3nico remitido a nuestra atenci\u00f3n y procederemos a revisar el motivo del error. Asimismo, el email puede contener documentos y\/o informaci\u00f3n confidencial propia o de terceros por lo que rogamos que se proceda&#8230;<\/p>\n","protected":false},"author":1,"featured_media":0,"parent":0,"menu_order":0,"comment_status":"closed","ping_status":"closed","template":"","meta":{"_kadence_starter_templates_imported_post":false,"_kad_post_transparent":"","_kad_post_title":"","_kad_post_layout":"","_kad_post_sidebar_id":"","_kad_post_content_style":"","_kad_post_vertical_padding":"","_kad_post_feature":"","_kad_post_feature_position":"","_kad_post_header":false,"_kad_post_footer":false,"_kad_post_classname":"","footnotes":""},"class_list":["post-5555","page","type-page","status-publish","hentry"],"yoast_head":"<!-- This site is optimized with the Yoast SEO plugin v27.6 - https:\/\/yoast.com\/product\/yoast-seo-wordpress\/ -->\n<title>AVISO DE CONFIDENCIALIDAD - HONNE AGENCY<\/title>\n<meta name=\"robots\" content=\"index, follow, max-snippet:-1, max-image-preview:large, max-video-preview:-1\" \/>\n<link rel=\"canonical\" href=\"https:\/\/honneagency.com\/?page_id=5555\" \/>\n<meta property=\"og:locale\" content=\"es_ES\" \/>\n<meta property=\"og:type\" content=\"article\" \/>\n<meta property=\"og:title\" content=\"AVISO DE CONFIDENCIALIDAD - HONNE AGENCY\" \/>\n<meta property=\"og:description\" content=\"Este mensaje va dirigido exclusivamente a su destinatario, en caso de haber recibido este mensaje por error, puede comunic\u00e1rnoslo mediante el correo electr\u00f3nico remitido a nuestra atenci\u00f3n y procederemos a revisar el motivo del error. Asimismo, el email puede contener documentos y\/o informaci\u00f3n confidencial propia o de terceros por lo que rogamos que se proceda...\" \/>\n<meta property=\"og:url\" content=\"https:\/\/honneagency.com\/?page_id=5555\" \/>\n<meta property=\"og:site_name\" content=\"HONNE AGENCY\" \/>\n<meta property=\"article:modified_time\" content=\"2021-12-19T17:06:47+00:00\" \/>\n<meta name=\"twitter:card\" content=\"summary_large_image\" \/>\n<meta name=\"twitter:label1\" content=\"Tiempo de lectura\" \/>\n\t<meta name=\"twitter:data1\" content=\"1 minuto\" \/>\n<script type=\"application\/ld+json\" class=\"yoast-schema-graph\">{\"@context\":\"https:\\\/\\\/schema.org\",\"@graph\":[{\"@type\":\"WebPage\",\"@id\":\"https:\\\/\\\/honneagency.com\\\/?page_id=5555\",\"url\":\"https:\\\/\\\/honneagency.com\\\/?page_id=5555\",\"name\":\"AVISO DE CONFIDENCIALIDAD - HONNE AGENCY\",\"isPartOf\":{\"@id\":\"https:\\\/\\\/honneagency.com\\\/#website\"},\"datePublished\":\"2021-12-19T17:06:45+00:00\",\"dateModified\":\"2021-12-19T17:06:47+00:00\",\"breadcrumb\":{\"@id\":\"https:\\\/\\\/honneagency.com\\\/?page_id=5555#breadcrumb\"},\"inLanguage\":\"es\",\"potentialAction\":[{\"@type\":\"ReadAction\",\"target\":[\"https:\\\/\\\/honneagency.com\\\/?page_id=5555\"]}]},{\"@type\":\"BreadcrumbList\",\"@id\":\"https:\\\/\\\/honneagency.com\\\/?page_id=5555#breadcrumb\",\"itemListElement\":[{\"@type\":\"ListItem\",\"position\":1,\"name\":\"Portada\",\"item\":\"https:\\\/\\\/honneagency.com\\\/\"},{\"@type\":\"ListItem\",\"position\":2,\"name\":\"AVISO DE CONFIDENCIALIDAD\"}]},{\"@type\":\"WebSite\",\"@id\":\"https:\\\/\\\/honneagency.com\\\/#website\",\"url\":\"https:\\\/\\\/honneagency.com\\\/\",\"name\":\"HONNE AGENCY\",\"description\":\"\",\"publisher\":{\"@id\":\"https:\\\/\\\/honneagency.com\\\/#organization\"},\"potentialAction\":[{\"@type\":\"SearchAction\",\"target\":{\"@type\":\"EntryPoint\",\"urlTemplate\":\"https:\\\/\\\/honneagency.com\\\/?s={search_term_string}\"},\"query-input\":{\"@type\":\"PropertyValueSpecification\",\"valueRequired\":true,\"valueName\":\"search_term_string\"}}],\"inLanguage\":\"es\"},{\"@type\":\"Organization\",\"@id\":\"https:\\\/\\\/honneagency.com\\\/#organization\",\"name\":\"HONNE AGENCY\",\"url\":\"https:\\\/\\\/honneagency.com\\\/\",\"logo\":{\"@type\":\"ImageObject\",\"inLanguage\":\"es\",\"@id\":\"https:\\\/\\\/honneagency.com\\\/#\\\/schema\\\/logo\\\/image\\\/\",\"url\":\"https:\\\/\\\/honneagency.com\\\/wp-content\\\/uploads\\\/2021\\\/11\\\/Logo_Tavola-disegno-1.png\",\"contentUrl\":\"https:\\\/\\\/honneagency.com\\\/wp-content\\\/uploads\\\/2021\\\/11\\\/Logo_Tavola-disegno-1.png\",\"width\":5334,\"height\":2705,\"caption\":\"HONNE AGENCY\"},\"image\":{\"@id\":\"https:\\\/\\\/honneagency.com\\\/#\\\/schema\\\/logo\\\/image\\\/\"}}]}<\/script>\n<!-- \/ Yoast SEO plugin. -->","yoast_head_json":{"title":"AVISO DE CONFIDENCIALIDAD - HONNE AGENCY","robots":{"index":"index","follow":"follow","max-snippet":"max-snippet:-1","max-image-preview":"max-image-preview:large","max-video-preview":"max-video-preview:-1"},"canonical":"https:\/\/honneagency.com\/?page_id=5555","og_locale":"es_ES","og_type":"article","og_title":"AVISO DE CONFIDENCIALIDAD - HONNE AGENCY","og_description":"Este mensaje va dirigido exclusivamente a su destinatario, en caso de haber recibido este mensaje por error, puede comunic\u00e1rnoslo mediante el correo electr\u00f3nico remitido a nuestra atenci\u00f3n y procederemos a revisar el motivo del error. Asimismo, el email puede contener documentos y\/o informaci\u00f3n confidencial propia o de terceros por lo que rogamos que se proceda...","og_url":"https:\/\/honneagency.com\/?page_id=5555","og_site_name":"HONNE AGENCY","article_modified_time":"2021-12-19T17:06:47+00:00","twitter_card":"summary_large_image","twitter_misc":{"Tiempo de lectura":"1 minuto"},"schema":{"@context":"https:\/\/schema.org","@graph":[{"@type":"WebPage","@id":"https:\/\/honneagency.com\/?page_id=5555","url":"https:\/\/honneagency.com\/?page_id=5555","name":"AVISO DE CONFIDENCIALIDAD - HONNE AGENCY","isPartOf":{"@id":"https:\/\/honneagency.com\/#website"},"datePublished":"2021-12-19T17:06:45+00:00","dateModified":"2021-12-19T17:06:47+00:00","breadcrumb":{"@id":"https:\/\/honneagency.com\/?page_id=5555#breadcrumb"},"inLanguage":"es","potentialAction":[{"@type":"ReadAction","target":["https:\/\/honneagency.com\/?page_id=5555"]}]},{"@type":"BreadcrumbList","@id":"https:\/\/honneagency.com\/?page_id=5555#breadcrumb","itemListElement":[{"@type":"ListItem","position":1,"name":"Portada","item":"https:\/\/honneagency.com\/"},{"@type":"ListItem","position":2,"name":"AVISO DE CONFIDENCIALIDAD"}]},{"@type":"WebSite","@id":"https:\/\/honneagency.com\/#website","url":"https:\/\/honneagency.com\/","name":"HONNE AGENCY","description":"","publisher":{"@id":"https:\/\/honneagency.com\/#organization"},"potentialAction":[{"@type":"SearchAction","target":{"@type":"EntryPoint","urlTemplate":"https:\/\/honneagency.com\/?s={search_term_string}"},"query-input":{"@type":"PropertyValueSpecification","valueRequired":true,"valueName":"search_term_string"}}],"inLanguage":"es"},{"@type":"Organization","@id":"https:\/\/honneagency.com\/#organization","name":"HONNE AGENCY","url":"https:\/\/honneagency.com\/","logo":{"@type":"ImageObject","inLanguage":"es","@id":"https:\/\/honneagency.com\/#\/schema\/logo\/image\/","url":"https:\/\/honneagency.com\/wp-content\/uploads\/2021\/11\/Logo_Tavola-disegno-1.png","contentUrl":"https:\/\/honneagency.com\/wp-content\/uploads\/2021\/11\/Logo_Tavola-disegno-1.png","width":5334,"height":2705,"caption":"HONNE AGENCY"},"image":{"@id":"https:\/\/honneagency.com\/#\/schema\/logo\/image\/"}}]}},"_links":{"self":[{"href":"https:\/\/honneagency.com\/index.php?rest_route=\/wp\/v2\/pages\/5555","targetHints":{"allow":["GET"]}}],"collection":[{"href":"https:\/\/honneagency.com\/index.php?rest_route=\/wp\/v2\/pages"}],"about":[{"href":"https:\/\/honneagency.com\/index.php?rest_route=\/wp\/v2\/types\/page"}],"author":[{"embeddable":true,"href":"https:\/\/honneagency.com\/index.php?rest_route=\/wp\/v2\/users\/1"}],"replies":[{"embeddable":true,"href":"https:\/\/honneagency.com\/index.php?rest_route=%2Fwp%2Fv2%2Fcomments&post=5555"}],"version-history":[{"count":0,"href":"https:\/\/honneagency.com\/index.php?rest_route=\/wp\/v2\/pages\/5555\/revisions"}],"wp:attachment":[{"href":"https:\/\/honneagency.com\/index.php?rest_route=%2Fwp%2Fv2%2Fmedia&parent=5555"}],"curies":[{"name":"wp","href":"https:\/\/api.w.org\/{rel}","templated":true}]}}